{"id":32,"date":"2019-05-06T20:59:05","date_gmt":"2019-05-06T18:59:05","guid":{"rendered":"http:\/\/www.sideburn.se\/jdsnew\/?page_id=32"},"modified":"2019-05-09T09:27:45","modified_gmt":"2019-05-09T07:27:45","slug":"tjanster","status":"publish","type":"page","link":"http:\/\/www.sideburn.se\/jds\/index.php\/tjanster\/","title":{"rendered":"Tj\u00e4nster"},"content":{"rendered":"\n<p><\/p>\n\n\n\n<p>Oavsett om du vill renovera m\u00f6bler, d\u00f6rrar m\u00e5la om luckor eller kanske helt byta ut dom finns vi d\u00e4r med kunskap och kompetens f\u00f6r att tillgodose dina \u00f6nskem\u00e5l. L\u00e5ng erfarenhet borgar f\u00f6r ett bra resultat &#8211; i alla l\u00e4gen.<\/p>\n\n\n\n<p><\/p>\n\n\n\n<p><strong>Sprutm\u00e5lning<\/strong><\/p>\n\n\n\n<p>Vi sprutm\u00e5lar de mesta material s\u00e5som tr\u00e4, aluminium och st\u00e5l. Vi har l\u00e5ng erfarenhet av sprutm\u00e5lning av till exempel byggnads- och inredningsdetaljer. Kontakta oss f\u00f6r mer information.<\/p>\n\n\n\n<p><strong>Utbytesluckor<\/strong><\/p>\n\n\n\n<p>I samarbete med Ramna Inredningar kan vi erbjuda ett brett sortiment av k\u00f6ksluckor och profiler till d\u00f6rrrar som vi lackerar efter dina \u00f6nskem\u00e5l.&nbsp;<\/p>\n","protected":false},"excerpt":{"rendered":"<p>Oavsett om du vill renovera m\u00f6bler, d\u00f6rrar m\u00e5la om luckor eller kanske helt byta ut dom finns vi d\u00e4r med kunskap och kompetens f\u00f6r att tillgodose dina \u00f6nskem\u00e5l. L\u00e5ng erfarenhet borgar f\u00f6r ett bra resultat &#8211; i alla l\u00e4gen. Sprutm\u00e5lning Vi sprutm\u00e5lar de mesta material s\u00e5som tr\u00e4, aluminium och st\u00e5l. Vi har l\u00e5ng erfarenhet av&hellip;<\/p>\n","protected":false},"author":1,"featured_media":64,"parent":0,"menu_order":0,"comment_status":"closed","ping_status":"closed","template":"","meta":{"footnotes":""},"class_list":["post-32","page","type-page","status-publish","has-post-thumbnail","hentry"],"_links":{"self":[{"href":"http:\/\/www.sideburn.se\/jds\/index.php\/wp-json\/wp\/v2\/pages\/32","targetHints":{"allow":["GET"]}}],"collection":[{"href":"http:\/\/www.sideburn.se\/jds\/index.php\/wp-json\/wp\/v2\/pages"}],"about":[{"href":"http:\/\/www.sideburn.se\/jds\/index.php\/wp-json\/wp\/v2\/types\/page"}],"author":[{"embeddable":true,"href":"http:\/\/www.sideburn.se\/jds\/index.php\/wp-json\/wp\/v2\/users\/1"}],"replies":[{"embeddable":true,"href":"http:\/\/www.sideburn.se\/jds\/index.php\/wp-json\/wp\/v2\/comments?post=32"}],"version-history":[{"count":2,"href":"http:\/\/www.sideburn.se\/jds\/index.php\/wp-json\/wp\/v2\/pages\/32\/revisions"}],"predecessor-version":[{"id":67,"href":"http:\/\/www.sideburn.se\/jds\/index.php\/wp-json\/wp\/v2\/pages\/32\/revisions\/67"}],"wp:featuredmedia":[{"embeddable":true,"href":"http:\/\/www.sideburn.se\/jds\/index.php\/wp-json\/wp\/v2\/media\/64"}],"wp:attachment":[{"href":"http:\/\/www.sideburn.se\/jds\/index.php\/wp-json\/wp\/v2\/media?parent=32"}],"curies":[{"name":"wp","href":"https:\/\/api.w.org\/{rel}","templated":true}]}}