{"id":5,"date":"2019-05-02T07:44:47","date_gmt":"2019-05-02T05:44:47","guid":{"rendered":"http:\/\/www.sideburn.se\/jdsnew\/?page_id=5"},"modified":"2024-04-17T13:50:30","modified_gmt":"2024-04-17T11:50:30","slug":"startsida","status":"publish","type":"page","link":"http:\/\/www.sideburn.se\/jds\/","title":{"rendered":""},"content":{"rendered":"<p><img loading=\"lazy\" decoding=\"async\" class=\"alignnone size-medium wp-image-41\" src=\"http:\/\/www.sideburn.se\/jdsnew\/wp-content\/uploads\/2019\/05\/logotopnew-300x300.jpg\" alt=\"\" width=\"300\" height=\"300\" srcset=\"http:\/\/www.sideburn.se\/jds\/wp-content\/uploads\/2019\/05\/logotopnew-300x300.jpg 300w, http:\/\/www.sideburn.se\/jds\/wp-content\/uploads\/2019\/05\/logotopnew-150x150.jpg 150w, http:\/\/www.sideburn.se\/jds\/wp-content\/uploads\/2019\/05\/logotopnew-200x200.jpg 200w, http:\/\/www.sideburn.se\/jds\/wp-content\/uploads\/2019\/05\/logotopnew.jpg 512w\" sizes=\"auto, (max-width: 300px) 100vw, 300px\" \/><\/p>\n<table cellspacing=\"0\" cellpadding=\"0\">\n<tbody>\n<tr>\n<td class=\"td1\" valign=\"middle\">\n<p class=\"p1\">JD:s sprutm\u00e5leri \u00e4r bel\u00e4get i Utby industriomr\u00e5de, G\u00f6teborg, och har b\u00e5de privatkunder s\u00e5v\u00e4l som m\u00e5lerier och fastighetsbolag som kunder. Med \u00f6ver 20 \u00e5rs erfarenhet i branschen kan du vara s\u00e4ker p\u00e5 att dina behov tillgodoses med det b\u00e4sta resultatet, varje g\u00e5ng.<\/p>\n<\/td>\n<\/tr>\n<\/tbody>\n<\/table>\n","protected":false},"excerpt":{"rendered":"<p>JD:s sprutm\u00e5leri \u00e4r bel\u00e4get i Utby industriomr\u00e5de, G\u00f6teborg, och har b\u00e5de privatkunder s\u00e5v\u00e4l som m\u00e5lerier och fastighetsbolag som kunder. Med \u00f6ver 20 \u00e5rs erfarenhet i branschen kan du vara s\u00e4ker p\u00e5 att dina behov tillgodoses med det b\u00e4sta resultatet, varje g\u00e5ng.<\/p>\n","protected":false},"author":1,"featured_media":41,"parent":0,"menu_order":0,"comment_status":"closed","ping_status":"closed","template":"","meta":{"footnotes":""},"class_list":["post-5","page","type-page","status-publish","has-post-thumbnail","hentry"],"_links":{"self":[{"href":"http:\/\/www.sideburn.se\/jds\/index.php\/wp-json\/wp\/v2\/pages\/5","targetHints":{"allow":["GET"]}}],"collection":[{"href":"http:\/\/www.sideburn.se\/jds\/index.php\/wp-json\/wp\/v2\/pages"}],"about":[{"href":"http:\/\/www.sideburn.se\/jds\/index.php\/wp-json\/wp\/v2\/types\/page"}],"author":[{"embeddable":true,"href":"http:\/\/www.sideburn.se\/jds\/index.php\/wp-json\/wp\/v2\/users\/1"}],"replies":[{"embeddable":true,"href":"http:\/\/www.sideburn.se\/jds\/index.php\/wp-json\/wp\/v2\/comments?post=5"}],"version-history":[{"count":8,"href":"http:\/\/www.sideburn.se\/jds\/index.php\/wp-json\/wp\/v2\/pages\/5\/revisions"}],"predecessor-version":[{"id":274,"href":"http:\/\/www.sideburn.se\/jds\/index.php\/wp-json\/wp\/v2\/pages\/5\/revisions\/274"}],"wp:featuredmedia":[{"embeddable":true,"href":"http:\/\/www.sideburn.se\/jds\/index.php\/wp-json\/wp\/v2\/media\/41"}],"wp:attachment":[{"href":"http:\/\/www.sideburn.se\/jds\/index.php\/wp-json\/wp\/v2\/media?parent=5"}],"curies":[{"name":"wp","href":"https:\/\/api.w.org\/{rel}","templated":true}]}}